{"id":66,"date":"2025-07-28T18:18:56","date_gmt":"2025-07-28T10:18:56","guid":{"rendered":"https:\/\/www.energycreating.com\/?page_id=66"},"modified":"2025-07-28T18:18:56","modified_gmt":"2025-07-28T10:18:56","slug":"portable-power-station","status":"publish","type":"page","link":"https:\/\/www.energycreating.com\/es\/portable-power-station\/","title":{"rendered":"Central el\u00e9ctrica port\u00e1til"},"content":{"rendered":"<p>Central el\u00e9ctrica port\u00e1til<\/p>","protected":false},"excerpt":{"rendered":"<p>Central el\u00e9ctrica port\u00e1til<\/p>","protected":false},"author":1,"featured_media":0,"parent":0,"menu_order":0,"comment_status":"closed","ping_status":"closed","template":"","meta":{"footnotes":""},"class_list":["post-66","page","type-page","status-publish","hentry"],"_links":{"self":[{"href":"https:\/\/www.energycreating.com\/es\/wp-json\/wp\/v2\/pages\/66","targetHints":{"allow":["GET"]}}],"collection":[{"href":"https:\/\/www.energycreating.com\/es\/wp-json\/wp\/v2\/pages"}],"about":[{"href":"https:\/\/www.energycreating.com\/es\/wp-json\/wp\/v2\/types\/page"}],"author":[{"embeddable":true,"href":"https:\/\/www.energycreating.com\/es\/wp-json\/wp\/v2\/users\/1"}],"replies":[{"embeddable":true,"href":"https:\/\/www.energycreating.com\/es\/wp-json\/wp\/v2\/comments?post=66"}],"version-history":[{"count":1,"href":"https:\/\/www.energycreating.com\/es\/wp-json\/wp\/v2\/pages\/66\/revisions"}],"predecessor-version":[{"id":67,"href":"https:\/\/www.energycreating.com\/es\/wp-json\/wp\/v2\/pages\/66\/revisions\/67"}],"wp:attachment":[{"href":"https:\/\/www.energycreating.com\/es\/wp-json\/wp\/v2\/media?parent=66"}],"curies":[{"name":"wp","href":"https:\/\/api.w.org\/{rel}","templated":true}]}}